{"id":1509,"date":"2022-11-02T11:07:32","date_gmt":"2022-11-02T10:07:32","guid":{"rendered":"https:\/\/serendaliya.com\/?page_id=1509"},"modified":"2023-01-15T19:49:14","modified_gmt":"2023-01-15T18:49:14","slug":"guide-des-tailles","status":"publish","type":"page","link":"https:\/\/serendaliya.com\/en\/guide-des-tailles\/","title":{"rendered":"Guide des tailles | \u00a0Bijoux faits main en France"},"content":{"rendered":"<div id=\"wp-block-themeisle-blocks-advanced-columns-05c7b00a\" class=\"wp-block-themeisle-blocks-advanced-columns alignfull has-1-columns has-desktop-equal-layout has-tablet-equal-layout has-mobile-equal-layout has-vertical-unset ticss-c5600fa3\"><div class=\"wp-block-themeisle-blocks-advanced-columns-overlay\"><\/div><div class=\"innerblocks-wrap\">\n<div id=\"wp-block-themeisle-blocks-advanced-column-7ddfc122\" class=\"wp-block-themeisle-blocks-advanced-column\">\n<h1 class=\"has-text-align-center has-nv-text-dark-bg-color has-text-color wp-block-heading\"><strong>Sizing guide<\/strong><\/h1>\n<\/div>\n<\/div><\/div>\n\n\n\n<div style=\"height:35px\" aria-hidden=\"true\" class=\"wp-block-spacer\"><\/div>\n\n\n\n<h4 class=\"wp-block-heading\"><strong>Sizing guide for <\/strong><a href=\"https:\/\/serendaliya.com\/en\/categorie-produit\/bracelets\/\"><strong>bracelets:<\/strong><\/a><\/h4>\n\n\n\n<p>It is important to be comfortable and allow for movement when wearing your bracelet \u2013 if you are in between sizes, it is best to go for a larger size. To find the best fit, you will need to know the size of your wrist, this can be done in the following ways:<\/p>\n\n\n\n<ul class=\"wp-block-list\">\n<li>Measure around the wrist on which you plan to wear your bracelet with a flexible tape or a strip of paper\/cord and take note of the measurement. Depending on whether you prefer to wear your bracelet tightly or loosely add between 1.5 cm and 2 cm to the size of your wrist.<\/li>\n\n\n\n<li>Find a bracelet in a similar style that you are comfortable with, straighten it out and measure it with a ruler from the top of the clasp to the end.<\/li>\n<\/ul>\n\n\n\n<h4 class=\"wp-block-heading\"><strong>Sizing guide for <\/strong><a href=\"https:\/\/serendaliya.com\/en\/categorie-produit\/necklaces\/\"><strong>necklaces<\/strong><\/a><strong>:<\/strong><\/h4>\n\n\n\n<p>When choosing your necklace, you have to consider its length which will vary depending on the circumference of your neck and body structure. Please note the pendant will hang from that length. Use the charts to help you visualise, however, if you want to get a better idea of how long it will look on you, use a flexible tape or cord and wrap it around your neck to the desired length, cut the cord and measure it against a ruler.<\/p>\n\n\n\n<div class=\"wp-block-columns is-layout-flex wp-container-core-columns-is-layout-9d6595d7 wp-block-columns-is-layout-flex\">\n<div class=\"wp-block-column is-layout-flow wp-block-column-is-layout-flow\">\n<h5 class=\"alignwide has-text-align-center wp-block-heading\"><strong>Smaller body build<\/strong><\/h5>\n\n\n<div class=\"wp-block-image is-style-default\">\n<figure class=\"aligncenter size-large is-resized\"><img loading=\"lazy\" decoding=\"async\" src=\"https:\/\/serendaliya.com\/wp-content\/uploads\/2022\/11\/Necklace-guide-final-950x1024.png\" alt=\"\" class=\"wp-image-1531\" width=\"323\" height=\"348\" srcset=\"https:\/\/serendaliya.com\/wp-content\/uploads\/2022\/11\/Necklace-guide-final-950x1024.png 950w, https:\/\/serendaliya.com\/wp-content\/uploads\/2022\/11\/Necklace-guide-final-600x647.png 600w, https:\/\/serendaliya.com\/wp-content\/uploads\/2022\/11\/Necklace-guide-final-768x828.png 768w, https:\/\/serendaliya.com\/wp-content\/uploads\/2022\/11\/Necklace-guide-final.png 1000w\" sizes=\"auto, (max-width: 323px) 100vw, 323px\" \/><figcaption class=\"wp-element-caption\">40 cm \u2013 falls at the base of the neck, above the collarbone<br>45 cm \u2013 falls below the throat around the collarbone<br>50 cm \u2013 falls under the collarbone<br>55 cm \u2013 falls around or above the bust<br><\/figcaption><\/figure>\n<\/div><\/div>\n\n\n\n<div class=\"wp-block-column is-vertically-aligned-top is-layout-flow wp-block-column-is-layout-flow\">\n<div class=\"wp-block-group\"><div class=\"wp-block-group__inner-container is-layout-constrained wp-block-group-is-layout-constrained\">\n<h5 class=\"has-text-align-center wp-block-heading\"><strong>Larger body build<\/strong><\/h5>\n<\/div><\/div>\n\n\n<div class=\"wp-block-image is-style-default\">\n<figure class=\"aligncenter size-large is-resized\"><img loading=\"lazy\" decoding=\"async\" src=\"https:\/\/serendaliya.com\/wp-content\/uploads\/2022\/11\/Necklace-guide-LARGE-950x1024.png\" alt=\"\" class=\"wp-image-1583\" width=\"323\" height=\"348\" srcset=\"https:\/\/serendaliya.com\/wp-content\/uploads\/2022\/11\/Necklace-guide-LARGE-950x1024.png 950w, https:\/\/serendaliya.com\/wp-content\/uploads\/2022\/11\/Necklace-guide-LARGE-600x647.png 600w, https:\/\/serendaliya.com\/wp-content\/uploads\/2022\/11\/Necklace-guide-LARGE-768x828.png 768w, https:\/\/serendaliya.com\/wp-content\/uploads\/2022\/11\/Necklace-guide-LARGE.png 1000w\" sizes=\"auto, (max-width: 323px) 100vw, 323px\" \/><figcaption class=\"wp-element-caption\">45 cm \u2013 falls at the base of the neck<br>50 cm \u2013 falls around the collarbone<br>55 cm \u2013 hangs under the collarbone<br><\/figcaption><\/figure>\n<\/div><\/div>\n<\/div>","protected":false},"excerpt":{"rendered":"<p>Guide des tailles pour les bracelets : Il est important d&rsquo;\u00eatre confortable et de laisser une certaine libert\u00e9 de mouvement lorsque vous portez votre bracelet. Si vous \u00eates entre deux tailles, il est pr\u00e9f\u00e9rable d&rsquo;opter pour une taille sup\u00e9rieure. Pour trouver le meilleur ajustement, vous devrez conna\u00eetre la taille de votre poignet, ce qui peut&hellip;&nbsp;<a href=\"https:\/\/serendaliya.com\/en\/guide-des-tailles\/\" rel=\"bookmark\">Read More &raquo;<span class=\"screen-reader-text\">Guide des tailles | \u00a0Bijoux faits main en France<\/span><\/a><\/p>","protected":false},"author":1,"featured_media":0,"parent":0,"menu_order":0,"comment_status":"closed","ping_status":"closed","template":"","meta":{"neve_meta_sidebar":"full-width","neve_meta_container":"","neve_meta_enable_content_width":"on","neve_meta_content_width":100,"neve_meta_title_alignment":"","neve_meta_author_avatar":"","neve_post_elements_order":"","neve_meta_disable_header":"","neve_meta_disable_footer":"","neve_meta_disable_title":"on","_themeisle_gutenberg_block_has_review":false,"footnotes":""},"class_list":["post-1509","page","type-page","status-publish","hentry"],"aioseo_notices":[],"jetpack_sharing_enabled":true,"_links":{"self":[{"href":"https:\/\/serendaliya.com\/en\/wp-json\/wp\/v2\/pages\/1509","targetHints":{"allow":["GET"]}}],"collection":[{"href":"https:\/\/serendaliya.com\/en\/wp-json\/wp\/v2\/pages"}],"about":[{"href":"https:\/\/serendaliya.com\/en\/wp-json\/wp\/v2\/types\/page"}],"author":[{"embeddable":true,"href":"https:\/\/serendaliya.com\/en\/wp-json\/wp\/v2\/users\/1"}],"replies":[{"embeddable":true,"href":"https:\/\/serendaliya.com\/en\/wp-json\/wp\/v2\/comments?post=1509"}],"version-history":[{"count":0,"href":"https:\/\/serendaliya.com\/en\/wp-json\/wp\/v2\/pages\/1509\/revisions"}],"wp:attachment":[{"href":"https:\/\/serendaliya.com\/en\/wp-json\/wp\/v2\/media?parent=1509"}],"curies":[{"name":"wp","href":"https:\/\/api.w.org\/{rel}","templated":true}]}}