{"id":3,"date":"2022-05-28T17:18:48","date_gmt":"2022-05-28T17:18:48","guid":{"rendered":"https:\/\/serendaliya.com\/?page_id=3"},"modified":"2023-01-15T20:07:26","modified_gmt":"2023-01-15T19:07:26","slug":"mention-legales","status":"publish","type":"page","link":"https:\/\/serendaliya.com\/en\/mention-legales\/","title":{"rendered":"Mention l\u00e9gales"},"content":{"rendered":"<p>Ce site Internet, <a href=\"https:\/\/serendaliya.com\/en\/\" target=\"_blank\">www.serendaliya.com <\/a>,  est \u00e9dit\u00e9 par l&rsquo;auto-entreprise Luana Fagundes SERENDALIYA, immatricul\u00e9e au Registre des Commerces et des Societ\u00e9s de Lille M\u00e9tropole sous le num\u00e9ro 908&nbsp;697&nbsp;642 dont le si\u00e8ge social est situ\u00e9 au 160 rue du Pr\u00e9 Catelan, 59110 La Madeleine.<br>Mail:&nbsp;contact.serendaliya@gmail.com<\/p>\n\n\n\n<p>Directeur de la publication et r\u00e9daction : Luana Fagundes<\/p>\n\n\n\n<p>Le site <a href=\"https:\/\/serendaliya.com\/en\/\" target=\"_blank\">www.serendaliya.com <\/a>est h\u00e9berg\u00e9 par Hostinger International Ltd.<br>Rue Jonavos 60C, Kaunas 44192, Lituanie<\/p>\n\n\n\n<p>*The French version of the legal notices is considered the only current and valid version of this document. Any translated version is provided for your convenience only to facilitate the reading and understanding of the French version. Any translated version is not legally binding and cannot replace the French version. In the event of any disagreement or conflict, legal agreements and policies shall prevail in French.<\/p>","protected":false},"excerpt":{"rendered":"<p>Ce site Internet, www.serendaliya.com , est \u00e9dit\u00e9 par l&rsquo;auto-entreprise Luana Fagundes SERENDALIYA, immatricul\u00e9e au Registre des Commerces et des Societ\u00e9s de Lille M\u00e9tropole sous le num\u00e9ro 908&nbsp;697&nbsp;642 dont le si\u00e8ge social est situ\u00e9 au 160 rue du Pr\u00e9 Catelan, 59110 La Madeleine.Mail:&nbsp;contact.serendaliya@gmail.com Directeur de la publication et r\u00e9daction : Luana Fagundes Le site www.serendaliya.com est&hellip;&nbsp;<a href=\"https:\/\/serendaliya.com\/en\/mention-legales\/\" rel=\"bookmark\">Read More &raquo;<span class=\"screen-reader-text\">Mention l\u00e9gales<\/span><\/a><\/p>","protected":false},"author":1,"featured_media":0,"parent":0,"menu_order":0,"comment_status":"closed","ping_status":"closed","template":"","meta":{"neve_meta_sidebar":"","neve_meta_container":"contained","neve_meta_enable_content_width":"on","neve_meta_content_width":70,"neve_meta_title_alignment":"center","neve_meta_author_avatar":"","neve_post_elements_order":"","neve_meta_disable_header":"","neve_meta_disable_footer":"","neve_meta_disable_title":"","_themeisle_gutenberg_block_has_review":false,"footnotes":""},"class_list":["post-3","page","type-page","status-publish","hentry"],"aioseo_notices":[],"jetpack_sharing_enabled":true,"_links":{"self":[{"href":"https:\/\/serendaliya.com\/en\/wp-json\/wp\/v2\/pages\/3","targetHints":{"allow":["GET"]}}],"collection":[{"href":"https:\/\/serendaliya.com\/en\/wp-json\/wp\/v2\/pages"}],"about":[{"href":"https:\/\/serendaliya.com\/en\/wp-json\/wp\/v2\/types\/page"}],"author":[{"embeddable":true,"href":"https:\/\/serendaliya.com\/en\/wp-json\/wp\/v2\/users\/1"}],"replies":[{"embeddable":true,"href":"https:\/\/serendaliya.com\/en\/wp-json\/wp\/v2\/comments?post=3"}],"version-history":[{"count":0,"href":"https:\/\/serendaliya.com\/en\/wp-json\/wp\/v2\/pages\/3\/revisions"}],"wp:attachment":[{"href":"https:\/\/serendaliya.com\/en\/wp-json\/wp\/v2\/media?parent=3"}],"curies":[{"name":"wp","href":"https:\/\/api.w.org\/{rel}","templated":true}]}}