{"id":1013,"date":"2022-08-10T13:20:34","date_gmt":"2022-08-10T12:20:34","guid":{"rendered":"https:\/\/serendaliya.com\/?post_type=product&#038;p=1013"},"modified":"2023-06-28T11:50:27","modified_gmt":"2023-06-28T10:50:27","slug":"aes","status":"publish","type":"product","link":"https:\/\/serendaliya.com\/en\/product\/aes\/","title":{"rendered":"Aes"},"content":{"rendered":"","protected":false},"excerpt":{"rendered":"<p><span style=\"font-weight: 400;\">Assembl\u00e9 sur un fil d&rsquo;acier inoxydable rev\u00eatu de nylon, ce bracelet est centr\u00e9 autour d&rsquo;un quartz fum\u00e9 oblong et facett\u00e9 et associ\u00e9 \u00e0 des plaquettes de malachite lisse intercal\u00e9es avec de petites perles de quartz fum\u00e9 facett\u00e9es. Ferm\u00e9 par un fermoir en argent 925, vous avez le choix entre deux tailles &#8211; 18 et 19 cm.<\/span><\/p>\n<p><span style=\"font-weight: 400;\">To know how to choose the size of your bracelet, check our <\/span><a href=\"https:\/\/serendaliya.com\/en\/guide-des-tailles\/\"><span style=\"font-weight: 400;\">sizing guide.<\/span><\/a><\/p>\n<p><span style=\"font-weight: 400;\">Please note that these are natural stones, each and every stone is unique; the colour or tone may slightly vary from those shown in the images.<\/span><\/p>","protected":false},"featured_media":1017,"comment_status":"open","ping_status":"closed","template":"","meta":{"neve_meta_sidebar":"","neve_meta_container":"contained","neve_meta_enable_content_width":"on","neve_meta_content_width":80,"neve_meta_title_alignment":"","neve_meta_author_avatar":"","neve_post_elements_order":"","neve_meta_disable_header":"","neve_meta_disable_footer":"","neve_meta_disable_title":"","_themeisle_gutenberg_block_has_review":false,"jetpack_publicize_message":"","jetpack_publicize_feature_enabled":true,"jetpack_social_post_already_shared":true,"jetpack_social_options":{"image_generator_settings":{"template":"highway","default_image_id":0,"font":"","enabled":false},"version":2}},"product_brand":[],"product_cat":[17],"product_tag":[],"class_list":{"0":"post-1013","1":"product","2":"type-product","3":"status-publish","4":"has-post-thumbnail","6":"product_cat-bracelets","8":"first","9":"instock","10":"sold-individually","11":"shipping-taxable","12":"purchasable","13":"product-type-variable"},"aioseo_notices":[],"jetpack_publicize_connections":[],"jetpack_sharing_enabled":true,"_links":{"self":[{"href":"https:\/\/serendaliya.com\/en\/wp-json\/wp\/v2\/product\/1013","targetHints":{"allow":["GET"]}}],"collection":[{"href":"https:\/\/serendaliya.com\/en\/wp-json\/wp\/v2\/product"}],"about":[{"href":"https:\/\/serendaliya.com\/en\/wp-json\/wp\/v2\/types\/product"}],"replies":[{"embeddable":true,"href":"https:\/\/serendaliya.com\/en\/wp-json\/wp\/v2\/comments?post=1013"}],"wp:featuredmedia":[{"embeddable":true,"href":"https:\/\/serendaliya.com\/en\/wp-json\/wp\/v2\/media\/1017"}],"wp:attachment":[{"href":"https:\/\/serendaliya.com\/en\/wp-json\/wp\/v2\/media?parent=1013"}],"wp:term":[{"taxonomy":"product_brand","embeddable":true,"href":"https:\/\/serendaliya.com\/en\/wp-json\/wp\/v2\/product_brand?post=1013"},{"taxonomy":"product_cat","embeddable":true,"href":"https:\/\/serendaliya.com\/en\/wp-json\/wp\/v2\/product_cat?post=1013"},{"taxonomy":"product_tag","embeddable":true,"href":"https:\/\/serendaliya.com\/en\/wp-json\/wp\/v2\/product_tag?post=1013"}],"curies":[{"name":"wp","href":"https:\/\/api.w.org\/{rel}","templated":true}]}}