{"id":897,"date":"2022-07-31T10:34:14","date_gmt":"2022-07-31T09:34:14","guid":{"rendered":"https:\/\/serendaliya.com\/?post_type=product&#038;p=897"},"modified":"2023-06-28T13:25:57","modified_gmt":"2023-06-28T12:25:57","slug":"deru","status":"publish","type":"product","link":"https:\/\/serendaliya.com\/en\/product\/deru\/","title":{"rendered":"Deru"},"content":{"rendered":"","protected":false},"excerpt":{"rendered":"<p><span style=\"font-weight: 400;\">Assembl\u00e9 sur un fil d&rsquo;acier inoxydable rev\u00eatu de nylon, ce bracelet scintillant met en valeur les d\u00e9licates inclusions des agates naturelles facett\u00e9es qui ont \u00e9t\u00e9 assorties \u00e0 de petites perles de cristal facett\u00e9es et \u00e0 des coupelles en argent 925. Ferm\u00e9 par un fermoir en argent 925, vous avez le choix entre deux tailles &#8211; 18,5 et 20,5 cm &#8211; veuillez tenir compte de la l\u00e9g\u00e8re diff\u00e9rence dans le design comme illustr\u00e9 sur les photos.<\/span><\/p>\n<p>To know how to choose the size of your bracelet, check our\u00a0<a href=\"https:\/\/serendaliya.com\/en\/guide-des-tailles\/\">sizing guide.<\/a><\/p>\n<p>Please note that these are natural stones, each and every stone is unique; the colour or tone may slightly vary from those shown in the images.<\/p>","protected":false},"featured_media":1088,"comment_status":"open","ping_status":"closed","template":"","meta":{"neve_meta_sidebar":"","neve_meta_container":"contained","neve_meta_enable_content_width":"on","neve_meta_content_width":80,"neve_meta_title_alignment":"","neve_meta_author_avatar":"","neve_post_elements_order":"","neve_meta_disable_header":"","neve_meta_disable_footer":"","neve_meta_disable_title":"","_themeisle_gutenberg_block_has_review":false,"jetpack_publicize_message":"","jetpack_publicize_feature_enabled":true,"jetpack_social_post_already_shared":true,"jetpack_social_options":{"image_generator_settings":{"template":"highway","default_image_id":0,"font":"","enabled":false},"version":2}},"product_brand":[],"product_cat":[17],"product_tag":[],"class_list":{"0":"post-897","1":"product","2":"type-product","3":"status-publish","4":"has-post-thumbnail","6":"product_cat-bracelets","8":"first","9":"instock","10":"featured","11":"sold-individually","12":"shipping-taxable","13":"purchasable","14":"product-type-variable"},"aioseo_notices":[],"jetpack_publicize_connections":[],"jetpack_sharing_enabled":true,"_links":{"self":[{"href":"https:\/\/serendaliya.com\/en\/wp-json\/wp\/v2\/product\/897","targetHints":{"allow":["GET"]}}],"collection":[{"href":"https:\/\/serendaliya.com\/en\/wp-json\/wp\/v2\/product"}],"about":[{"href":"https:\/\/serendaliya.com\/en\/wp-json\/wp\/v2\/types\/product"}],"replies":[{"embeddable":true,"href":"https:\/\/serendaliya.com\/en\/wp-json\/wp\/v2\/comments?post=897"}],"wp:featuredmedia":[{"embeddable":true,"href":"https:\/\/serendaliya.com\/en\/wp-json\/wp\/v2\/media\/1088"}],"wp:attachment":[{"href":"https:\/\/serendaliya.com\/en\/wp-json\/wp\/v2\/media?parent=897"}],"wp:term":[{"taxonomy":"product_brand","embeddable":true,"href":"https:\/\/serendaliya.com\/en\/wp-json\/wp\/v2\/product_brand?post=897"},{"taxonomy":"product_cat","embeddable":true,"href":"https:\/\/serendaliya.com\/en\/wp-json\/wp\/v2\/product_cat?post=897"},{"taxonomy":"product_tag","embeddable":true,"href":"https:\/\/serendaliya.com\/en\/wp-json\/wp\/v2\/product_tag?post=897"}],"curies":[{"name":"wp","href":"https:\/\/api.w.org\/{rel}","templated":true}]}}