{"id":1468,"date":"2022-11-01T18:57:57","date_gmt":"2022-11-01T17:57:57","guid":{"rendered":"https:\/\/serendaliya.com\/?page_id=1468"},"modified":"2023-01-14T19:28:28","modified_gmt":"2023-01-14T18:28:28","slug":"entretien-des-bijoux","status":"publish","type":"page","link":"https:\/\/serendaliya.com\/fr\/entretien-des-bijoux\/","title":{"rendered":"Entretien des Bijoux | Pierres Naturelles &#038; Argent 925"},"content":{"rendered":"\n<div id=\"wp-block-themeisle-blocks-advanced-columns-05c7b00a\" class=\"wp-block-themeisle-blocks-advanced-columns alignfull has-1-columns has-desktop-equal-layout has-tablet-equal-layout has-mobile-equal-layout has-vertical-unset ticss-c5600fa3\"><div class=\"wp-block-themeisle-blocks-advanced-columns-overlay\"><\/div><div class=\"innerblocks-wrap\">\n<div id=\"wp-block-themeisle-blocks-advanced-column-7ddfc122\" class=\"wp-block-themeisle-blocks-advanced-column\">\n<h1 class=\"has-text-align-center has-nv-text-dark-bg-color has-text-color wp-block-heading\"><strong>Entretien des bijoux<\/strong><\/h1>\n<\/div>\n<\/div><\/div>\n\n\n\n<div id=\"wp-block-themeisle-blocks-advanced-columns-96919e2f\" class=\"wp-block-themeisle-blocks-advanced-columns has-1-columns has-desktop-equal-layout has-tablet-equal-layout has-mobile-equal-layout has-vertical-unset\"><div class=\"wp-block-themeisle-blocks-advanced-columns-overlay\"><\/div><div class=\"innerblocks-wrap\">\n<div id=\"wp-block-themeisle-blocks-advanced-column-92d41d2a\" class=\"wp-block-themeisle-blocks-advanced-column\">\n<h4 class=\"has-text-align-center wp-block-heading\"><strong>Assurez-vous que vos bijoux durent en suivant ces quelques recommandations et prenez plaisir \u00e0 les porter pendant de nombreuses ann\u00e9es:<\/strong><\/h4>\n\n\n\n<div class=\"wp-block-columns is-layout-flex wp-container-core-columns-is-layout-9d6595d7 wp-block-columns-is-layout-flex\">\n<div class=\"wp-block-column is-layout-flow wp-block-column-is-layout-flow\" style=\"flex-basis:66.67%\">\n<ul class=\"ticss-c5766c3f wp-block-list\">\n<li>\u00c9vitez le contact avec l&rsquo;eau, le sel, le parfum, les produits chimiques et la transpiration excessive, car cela endommagerait les pierres \u00e0 terme :\n<ul class=\"wp-block-list\">\n<li>Enlevez vos bijoux lorsque vous effectuez un travail physique comme l&rsquo;exercice physique, le m\u00e9nage ou le bricolage ;<\/li>\n\n\n\n<li>Enlevez vos bijoux pour toutes les activit\u00e9s li\u00e9es \u00e0 l&rsquo;eau comme la douche ou la baignade (piscine et mer) ;<\/li>\n\n\n\n<li>Enlevez vos bijoux avant de vous coucher ;<\/li>\n\n\n\n<li>Lorsque vous appliquez des produits cosm\u00e9tiques tels que du parfum, de la laque pour cheveux et des lotions, attendez quelques minutes avant de porter vos bijoux ;<\/li>\n\n\n\n<li>Pour les peaux \u00e0 tendance acide, \u00e9vitez de porter de la malachite ou toute autre pierre poreuse, car elles deviendront ternes en quelques mois \u00e0 cause de la r\u00e9action chimique ;<\/li>\n<\/ul>\n<\/li>\n\n\n\n<li>Conservez vos bijoux \u00e0 l&rsquo;abri de la lumi\u00e8re directe du soleil et des changements de temp\u00e9rature extr\u00eames, car cela endommagerait les pierres avec le temps ;<\/li>\n\n\n\n<li>Prot\u00e9gez vos bijoux contre les chocs et les chutes. M\u00eame les pierres les plus dures peuvent \u00eatre ray\u00e9es, \u00e9br\u00e9ch\u00e9es ou m\u00eame cass\u00e9es en cas de chute ou de choc ;<\/li>\n\n\n\n<li>Rangez vos bijoux s\u00e9par\u00e9ment pour \u00e9viter qu&rsquo;ils ne s&#8217;emm\u00ealent ou ne se rayent. Certaines pierres sont plus d\u00e9licates, comme la fluorite et la nacre&#8230;\n<ul class=\"wp-block-list\">\n<li>Gardez vos colliers ferm\u00e9s et pos\u00e9s \u00e0 plat pour \u00e9viter qu&rsquo;ils ne forment des n\u0153uds.<\/li>\n<\/ul>\n<\/li>\n<\/ul>\n<\/div>\n\n\n\n<div class=\"wp-block-column is-layout-flow wp-block-column-is-layout-flow\" style=\"flex-basis:33.33%\">\n<div style=\"height:70px\" aria-hidden=\"true\" class=\"wp-block-spacer\"><\/div>\n\n\n\n<figure class=\"wp-block-image size-full is-style-rounded\"><img loading=\"lazy\" decoding=\"async\" width=\"1480\" height=\"1600\" src=\"https:\/\/serendaliya.com\/wp-content\/uploads\/2022\/10\/074-6.jpg\" alt=\"\" class=\"wp-image-1291\"\/><\/figure>\n<\/div>\n<\/div>\n\n\n\n<p><\/p>\n<\/div>\n<\/div><\/div>\n","protected":false},"excerpt":{"rendered":"","protected":false},"author":1,"featured_media":0,"parent":0,"menu_order":0,"comment_status":"closed","ping_status":"closed","template":"","meta":{"neve_meta_sidebar":"full-width","neve_meta_container":"default","neve_meta_enable_content_width":"on","neve_meta_content_width":100,"neve_meta_title_alignment":"left","neve_meta_author_avatar":"","neve_post_elements_order":"","neve_meta_disable_header":"off","neve_meta_disable_footer":"","neve_meta_disable_title":"on","_themeisle_gutenberg_block_has_review":false,"footnotes":""},"class_list":["post-1468","page","type-page","status-publish","hentry"],"aioseo_notices":[],"jetpack_sharing_enabled":true,"_links":{"self":[{"href":"https:\/\/serendaliya.com\/fr\/wp-json\/wp\/v2\/pages\/1468","targetHints":{"allow":["GET"]}}],"collection":[{"href":"https:\/\/serendaliya.com\/fr\/wp-json\/wp\/v2\/pages"}],"about":[{"href":"https:\/\/serendaliya.com\/fr\/wp-json\/wp\/v2\/types\/page"}],"author":[{"embeddable":true,"href":"https:\/\/serendaliya.com\/fr\/wp-json\/wp\/v2\/users\/1"}],"replies":[{"embeddable":true,"href":"https:\/\/serendaliya.com\/fr\/wp-json\/wp\/v2\/comments?post=1468"}],"version-history":[{"count":0,"href":"https:\/\/serendaliya.com\/fr\/wp-json\/wp\/v2\/pages\/1468\/revisions"}],"wp:attachment":[{"href":"https:\/\/serendaliya.com\/fr\/wp-json\/wp\/v2\/media?parent=1468"}],"curies":[{"name":"wp","href":"https:\/\/api.w.org\/{rel}","templated":true}]}}