{"id":1509,"date":"2022-11-02T11:07:32","date_gmt":"2022-11-02T10:07:32","guid":{"rendered":"https:\/\/serendaliya.com\/?page_id=1509"},"modified":"2023-01-15T19:49:14","modified_gmt":"2023-01-15T18:49:14","slug":"guide-des-tailles","status":"publish","type":"page","link":"https:\/\/serendaliya.com\/fr\/guide-des-tailles\/","title":{"rendered":"Guide des tailles | \u00a0Bijoux faits main en France"},"content":{"rendered":"\n<div id=\"wp-block-themeisle-blocks-advanced-columns-05c7b00a\" class=\"wp-block-themeisle-blocks-advanced-columns alignfull has-1-columns has-desktop-equal-layout has-tablet-equal-layout has-mobile-equal-layout has-vertical-unset ticss-c5600fa3\"><div class=\"wp-block-themeisle-blocks-advanced-columns-overlay\"><\/div><div class=\"innerblocks-wrap\">\n<div id=\"wp-block-themeisle-blocks-advanced-column-7ddfc122\" class=\"wp-block-themeisle-blocks-advanced-column\">\n<h1 class=\"has-text-align-center has-nv-text-dark-bg-color has-text-color wp-block-heading\"><strong>Guide des tailles<\/strong><\/h1>\n<\/div>\n<\/div><\/div>\n\n\n\n<div style=\"height:35px\" aria-hidden=\"true\" class=\"wp-block-spacer\"><\/div>\n\n\n\n<h4 class=\"wp-block-heading\"><strong>Guide des tailles pour <\/strong><a href=\"https:\/\/serendaliya.com\/fr\/categorie-produit\/bracelets\/\"><strong>les bracelets :<\/strong><\/a><\/h4>\n\n\n\n<p>Il est important d&rsquo;\u00eatre confortable et de laisser une certaine libert\u00e9 de mouvement lorsque vous portez votre bracelet. Si vous \u00eates entre deux tailles, il est pr\u00e9f\u00e9rable d&rsquo;opter pour une taille sup\u00e9rieure. Pour trouver le meilleur ajustement, vous devrez conna\u00eetre la taille de votre poignet, ce qui peut \u00eatre fait de la mani\u00e8re suivante :<\/p>\n\n\n\n<ul class=\"wp-block-list\">\n<li>Mesurez le tour du poignet sur lequel vous pr\u00e9voyez de porter votre bracelet \u00e0 l&rsquo;aide d&rsquo;un ruban flexible ou d&rsquo;une bande de papier\/cordelette et notez la mesure. En fonction de la fa\u00e7on dont vous pr\u00e9f\u00e9rez porter votre bracelet, plus ou moins serr\u00e9, ajoutez entre 1,5 cm et 2 cm \u00e0 la taille de votre poignet.<\/li>\n\n\n\n<li>Trouvez un bracelet d&rsquo;un style similaire avec lequel vous \u00eates \u00e0 l&rsquo;aise, \u00e9tirez-le et mesurez-le avec une r\u00e8gle du haut du fermoir jusqu&rsquo;\u00e0 son extr\u00e9mit\u00e9.<\/li>\n<\/ul>\n\n\n\n<h4 class=\"wp-block-heading\"><strong>Guide des tailles pour <\/strong><a href=\"https:\/\/serendaliya.com\/fr\/categorie-produit\/necklaces\/\"><strong>les colliers<\/strong><\/a><strong>:<\/strong><\/h4>\n\n\n\n<p>Lorsque vous choisissez votre collier, vous devez tenir compte de sa longueur qui variera en fonction de la circonf\u00e9rence de votre cou et de votre structure corporelle. Veuillez noter que le pendentif pendra de cette longueur. Utilisez les graphiques pour vous aider \u00e0 visualiser, cependant, si vous voulez avoir une meilleure id\u00e9e de la longueur qu&rsquo;il aura sur vous, utilisez un ruban ou un cordon flexible et enroulez-le autour de votre cou jusqu&rsquo;\u00e0 la longueur souhait\u00e9e, coupez le cordon et mesurez-le \u00e0 l&rsquo;aide d&rsquo;une r\u00e8gle.<\/p>\n\n\n\n<div class=\"wp-block-columns is-layout-flex wp-container-core-columns-is-layout-9d6595d7 wp-block-columns-is-layout-flex\">\n<div class=\"wp-block-column is-layout-flow wp-block-column-is-layout-flow\">\n<h5 class=\"alignwide has-text-align-center wp-block-heading\"><strong>Morphologie plus petite<\/strong><\/h5>\n\n\n<div class=\"wp-block-image is-style-default\">\n<figure class=\"aligncenter size-large is-resized\"><img loading=\"lazy\" decoding=\"async\" src=\"https:\/\/serendaliya.com\/wp-content\/uploads\/2022\/11\/Necklace-guide-final-950x1024.png\" alt=\"\" class=\"wp-image-1531\" width=\"323\" height=\"348\" srcset=\"https:\/\/serendaliya.com\/wp-content\/uploads\/2022\/11\/Necklace-guide-final-950x1024.png 950w, https:\/\/serendaliya.com\/wp-content\/uploads\/2022\/11\/Necklace-guide-final-600x647.png 600w, https:\/\/serendaliya.com\/wp-content\/uploads\/2022\/11\/Necklace-guide-final-768x828.png 768w, https:\/\/serendaliya.com\/wp-content\/uploads\/2022\/11\/Necklace-guide-final.png 1000w\" sizes=\"auto, (max-width: 323px) 100vw, 323px\" \/><figcaption class=\"wp-element-caption\">40 cm &#8211; tombe \u00e0 la base du cou, au-dessus de la clavicule<br>45 cm &#8211; tombe sous la gorge autour de la clavicule<br>50 cm &#8211; tombe sous la clavicule<br>55 cm &#8211; tombe au niveau du buste ou au-dessus<br><\/figcaption><\/figure>\n<\/div><\/div>\n\n\n\n<div class=\"wp-block-column is-vertically-aligned-top is-layout-flow wp-block-column-is-layout-flow\">\n<div class=\"wp-block-group\"><div class=\"wp-block-group__inner-container is-layout-constrained wp-block-group-is-layout-constrained\">\n<h5 class=\"has-text-align-center wp-block-heading\"><strong>Morphologie plus grande<\/strong><\/h5>\n<\/div><\/div>\n\n\n<div class=\"wp-block-image is-style-default\">\n<figure class=\"aligncenter size-large is-resized\"><img loading=\"lazy\" decoding=\"async\" src=\"https:\/\/serendaliya.com\/wp-content\/uploads\/2022\/11\/Necklace-guide-LARGE-950x1024.png\" alt=\"\" class=\"wp-image-1583\" width=\"323\" height=\"348\" srcset=\"https:\/\/serendaliya.com\/wp-content\/uploads\/2022\/11\/Necklace-guide-LARGE-950x1024.png 950w, https:\/\/serendaliya.com\/wp-content\/uploads\/2022\/11\/Necklace-guide-LARGE-600x647.png 600w, https:\/\/serendaliya.com\/wp-content\/uploads\/2022\/11\/Necklace-guide-LARGE-768x828.png 768w, https:\/\/serendaliya.com\/wp-content\/uploads\/2022\/11\/Necklace-guide-LARGE.png 1000w\" sizes=\"auto, (max-width: 323px) 100vw, 323px\" \/><figcaption class=\"wp-element-caption\">45 cm &#8211; tombe \u00e0 la base du cou<br>50 cm &#8211; tombe autour de la clavicule<br>55 cm &#8211; tombe sous la clavicule<br><\/figcaption><\/figure>\n<\/div><\/div>\n<\/div>\n","protected":false},"excerpt":{"rendered":"<p>Guide des tailles pour les bracelets : Il est important d&rsquo;\u00eatre confortable et de laisser une certaine libert\u00e9 de mouvement lorsque vous portez votre bracelet. Si vous \u00eates entre deux tailles, il est pr\u00e9f\u00e9rable d&rsquo;opter pour une taille sup\u00e9rieure. Pour trouver le meilleur ajustement, vous devrez conna\u00eetre la taille de votre poignet, ce qui peut&hellip;&nbsp;<a href=\"https:\/\/serendaliya.com\/fr\/guide-des-tailles\/\" rel=\"bookmark\">Lire la suite &raquo;<span class=\"screen-reader-text\">Guide des tailles | \u00a0Bijoux faits main en France<\/span><\/a><\/p>\n","protected":false},"author":1,"featured_media":0,"parent":0,"menu_order":0,"comment_status":"closed","ping_status":"closed","template":"","meta":{"neve_meta_sidebar":"full-width","neve_meta_container":"","neve_meta_enable_content_width":"on","neve_meta_content_width":100,"neve_meta_title_alignment":"","neve_meta_author_avatar":"","neve_post_elements_order":"","neve_meta_disable_header":"","neve_meta_disable_footer":"","neve_meta_disable_title":"on","_themeisle_gutenberg_block_has_review":false,"footnotes":""},"class_list":["post-1509","page","type-page","status-publish","hentry"],"aioseo_notices":[],"jetpack_sharing_enabled":true,"_links":{"self":[{"href":"https:\/\/serendaliya.com\/fr\/wp-json\/wp\/v2\/pages\/1509","targetHints":{"allow":["GET"]}}],"collection":[{"href":"https:\/\/serendaliya.com\/fr\/wp-json\/wp\/v2\/pages"}],"about":[{"href":"https:\/\/serendaliya.com\/fr\/wp-json\/wp\/v2\/types\/page"}],"author":[{"embeddable":true,"href":"https:\/\/serendaliya.com\/fr\/wp-json\/wp\/v2\/users\/1"}],"replies":[{"embeddable":true,"href":"https:\/\/serendaliya.com\/fr\/wp-json\/wp\/v2\/comments?post=1509"}],"version-history":[{"count":0,"href":"https:\/\/serendaliya.com\/fr\/wp-json\/wp\/v2\/pages\/1509\/revisions"}],"wp:attachment":[{"href":"https:\/\/serendaliya.com\/fr\/wp-json\/wp\/v2\/media?parent=1509"}],"curies":[{"name":"wp","href":"https:\/\/api.w.org\/{rel}","templated":true}]}}