{"id":184,"date":"2020-06-16T23:41:17","date_gmt":"2020-06-16T22:41:17","guid":{"rendered":"https:\/\/demosites.io\/jewellery-gb\/?page_id=184"},"modified":"2023-11-12T12:24:52","modified_gmt":"2023-11-12T11:24:52","slug":"a-propos","status":"publish","type":"page","link":"https:\/\/serendaliya.com\/fr\/a-propos\/","title":{"rendered":"Bijoux unique faits main en France | \u00c0 propos"},"content":{"rendered":"\n<div id=\"wp-block-themeisle-blocks-advanced-columns-05c7b00a\" class=\"wp-block-themeisle-blocks-advanced-columns alignfull has-1-columns has-desktop-equal-layout has-tablet-equal-layout has-mobile-equal-layout has-vertical-unset\"><div class=\"wp-block-themeisle-blocks-advanced-columns-overlay\"><\/div><div class=\"innerblocks-wrap\">\n<div id=\"wp-block-themeisle-blocks-advanced-column-7ddfc122\" class=\"wp-block-themeisle-blocks-advanced-column\">\n<h1 class=\"wp-block-heading has-text-align-center has-nv-text-dark-bg-color has-text-color\">\u00c0 propos<\/h1>\n<\/div>\n<\/div><\/div>\n\n\n\n<div id=\"wp-block-themeisle-blocks-advanced-columns-06a4353f\" class=\"wp-block-themeisle-blocks-advanced-columns alignfull has-2-columns has-desktop-oneTwo-layout has-tablet-equal-layout has-mobile-collapsedRows-layout has-vertical-unset\"><div class=\"wp-block-themeisle-blocks-advanced-columns-overlay\"><\/div><div class=\"innerblocks-wrap\">\n<div id=\"wp-block-themeisle-blocks-advanced-column-f26e0282\" class=\"wp-block-themeisle-blocks-advanced-column\">\n<h2 class=\"wp-block-heading has-text-align-center has-neve-text-color-color has-text-color\"><strong>Bijoux unique faits main en France<\/strong><\/h2>\n\n\n\n<p>Serendaliya propose une s\u00e9lection de bracelets, de boucles d&rsquo;oreilles et de colliers d\u00e9licatement faits main \u00e0 partir d&rsquo;une vari\u00e9t\u00e9 de pierres fines combin\u00e9es \u00e0 de l&rsquo;argent 925 fran\u00e7ais\/italien partiellement recycl\u00e9.<\/p>\n\n\n\n<p>Oubli\u00e9es dans des r\u00e9serves pendant plus de 20 ans, les pierres n&rsquo;ont pas perdu leur \u00e9clat et attendaient d&rsquo;\u00eatre transform\u00e9es. En passant par les am\u00e9thystes br\u00e9siliennes et la malachite congolaise, profitez d&rsquo;un large choix de formes et de couleurs pour donner une dimension originale \u00e0 vos tenues de tous les jours mais aussi pour vous accompagner dans les grandes occasions.<\/p>\n\n\n\n<p>Dans le souci de r\u00e9duire la consommation d&#8217;emballages superflus, vos bijoux seront exp\u00e9di\u00e9s dans des pochettes en papier de soie et en kraft, simples mais \u00e9l\u00e9gantes, prot\u00e9g\u00e9es par une enveloppe en kraft matelass\u00e9e, qui sont toutes recyclables.<\/p>\n<\/div>\n\n\n\n<div id=\"wp-block-themeisle-blocks-advanced-column-b9b4f08e\" class=\"wp-block-themeisle-blocks-advanced-column ticss-d32069dd\">\n<figure class=\"wp-block-image size-full is-style-default\"><img loading=\"lazy\" decoding=\"async\" width=\"1480\" height=\"1600\" src=\"https:\/\/serendaliya.com\/wp-content\/uploads\/2022\/07\/052-1.jpg\" alt=\"Boucles d'oreilles en nacre et argent 925\" class=\"wp-image-560\"\/><\/figure>\n<\/div>\n<\/div><\/div>\n\n\n\n<div id=\"wp-block-themeisle-blocks-advanced-columns-c9871bd0\" class=\"wp-block-themeisle-blocks-advanced-columns alignfull has-3-columns has-desktop-equal-layout has-tablet-equal-layout has-mobile-collapsedRows-layout has-vertical-unset ticss-d88ede37 has-light-bg\"><div class=\"wp-block-themeisle-blocks-advanced-columns-overlay\"><\/div><div class=\"innerblocks-wrap\">\n<div id=\"wp-block-themeisle-blocks-advanced-column-11fd8d39\" class=\"wp-block-themeisle-blocks-advanced-column has-light-bg\">\n<div style=\"height:20px\" aria-hidden=\"true\" class=\"wp-block-spacer\"><\/div>\n\n\n\n<div id=\"wp-block-themeisle-blocks-font-awesome-icons-8304d94e\" class=\"wp-block-themeisle-blocks-font-awesome-icons\"><span class=\"wp-block-themeisle-blocks-font-awesome-icons-container\"><i class=\"fas fa-fingerprint\"><\/i><\/span><\/div>\n\n\n\n<h3 class=\"wp-block-heading has-text-align-center has-neve-text-color-color has-text-color\"><span style=\"text-decoration: underline;\">Qualit\u00e9 &amp; Originalit\u00e9<\/span><\/h3>\n\n\n\n<p class=\"has-text-align-center has-neve-text-color-color has-text-color\">Fabriqu\u00e9s \u00e0 la main en France en s\u00e9rie limit\u00e9e, profitez d&rsquo;une vari\u00e9t\u00e9 de bijoux uniques cr\u00e9\u00e9s avec amour et soin. Pour orner une s\u00e9lection de pierres fines naturelles, nous utilisons de l&rsquo;argent 925 fran\u00e7ais\/italien anti-ternissement et sans nickel, fabriqu\u00e9 \u00e0 partir d&rsquo;un minimum de 50% d&rsquo;argent 925 recycl\u00e9.<\/p>\n<\/div>\n\n\n\n<div id=\"wp-block-themeisle-blocks-advanced-column-a91428f2\" class=\"wp-block-themeisle-blocks-advanced-column has-light-bg\">\n<div style=\"height:20px\" aria-hidden=\"true\" class=\"wp-block-spacer\"><\/div>\n\n\n\n<div id=\"wp-block-themeisle-blocks-font-awesome-icons-e1ff2cd8\" class=\"wp-block-themeisle-blocks-font-awesome-icons\"><span class=\"wp-block-themeisle-blocks-font-awesome-icons-container\"><i class=\"fas fa-hands-helping\"><\/i><\/span><\/div>\n\n\n\n<h3 class=\"wp-block-heading has-text-align-center has-neve-text-color-color has-text-color\"><span style=\"text-decoration: underline;\">Service Client<\/span><\/h3>\n\n\n\n<div style=\"height:22px\" aria-hidden=\"true\" class=\"wp-block-spacer\"><\/div>\n\n\n\n<p class=\"has-text-align-center\">Vous avez une question ? C&rsquo;est facile, il suffit de <a href=\"https:\/\/serendaliya.com\/contact\/\" title=\"\">nous envoyer un e-mail<\/a> et nous reviendrons vers vous. Nous sommes l\u00e0 pour vous aider lors de vos achats en ligne et assurons \u00e9galement un service apr\u00e8s-vente. Ne vous inqui\u00e9tez pas si vous endommagez le bijou, nous serons heureux de vous aider dans la mesure du possible et dans la limite du stock disponible.<\/p>\n<\/div>\n\n\n\n<div id=\"wp-block-themeisle-blocks-advanced-column-444f6eab\" class=\"wp-block-themeisle-blocks-advanced-column has-light-bg\">\n<div style=\"height:20px\" aria-hidden=\"true\" class=\"wp-block-spacer\"><\/div>\n\n\n\n<div id=\"wp-block-themeisle-blocks-font-awesome-icons-89a3c116\" class=\"wp-block-themeisle-blocks-font-awesome-icons\"><span class=\"wp-block-themeisle-blocks-font-awesome-icons-container\"><i class=\"fas fa-shipping-fast\"><\/i><\/span><\/div>\n\n\n\n<h3 class=\"wp-block-heading has-text-align-center has-neve-text-color-color has-text-color\"> <strong><span style=\"text-decoration: underline;\">Livraison offerte \u00e0 partir de 49\u20ac<\/span><\/strong><\/h3>\n\n\n\n<p class=\"has-text-align-center\">Lors de l&rsquo;achat d&rsquo;un article, la livraison est offerte pour les commandes sup\u00e9rieures \u00e0 49\u20ac. Toutes les commandes sont envoy\u00e9es depuis la France et le d\u00e9lai de livraison est g\u00e9n\u00e9ralement de 2 \u00e0 5 jours pour les pays europ\u00e9ens et jusqu&rsquo;\u00e0 15 jours pour les pays internationaux*. Le colis peut \u00eatre suivi gr\u00e2ce \u00e0 un code qui vous sera envoy\u00e9 par email.<\/p>\n<\/div>\n<\/div><\/div>\n","protected":false},"excerpt":{"rendered":"","protected":false},"author":1,"featured_media":0,"parent":0,"menu_order":0,"comment_status":"closed","ping_status":"closed","template":"","meta":{"neve_meta_sidebar":"full-width","neve_meta_container":"","neve_meta_enable_content_width":"on","neve_meta_content_width":100,"neve_meta_title_alignment":"","neve_meta_author_avatar":"","neve_post_elements_order":"","neve_meta_disable_header":"","neve_meta_disable_footer":"","neve_meta_disable_title":"on","_themeisle_gutenberg_block_has_review":false,"footnotes":""},"class_list":["post-184","page","type-page","status-publish","hentry"],"aioseo_notices":[],"jetpack_sharing_enabled":true,"_links":{"self":[{"href":"https:\/\/serendaliya.com\/fr\/wp-json\/wp\/v2\/pages\/184","targetHints":{"allow":["GET"]}}],"collection":[{"href":"https:\/\/serendaliya.com\/fr\/wp-json\/wp\/v2\/pages"}],"about":[{"href":"https:\/\/serendaliya.com\/fr\/wp-json\/wp\/v2\/types\/page"}],"author":[{"embeddable":true,"href":"https:\/\/serendaliya.com\/fr\/wp-json\/wp\/v2\/users\/1"}],"replies":[{"embeddable":true,"href":"https:\/\/serendaliya.com\/fr\/wp-json\/wp\/v2\/comments?post=184"}],"version-history":[{"count":2,"href":"https:\/\/serendaliya.com\/fr\/wp-json\/wp\/v2\/pages\/184\/revisions"}],"predecessor-version":[{"id":2034,"href":"https:\/\/serendaliya.com\/fr\/wp-json\/wp\/v2\/pages\/184\/revisions\/2034"}],"wp:attachment":[{"href":"https:\/\/serendaliya.com\/fr\/wp-json\/wp\/v2\/media?parent=184"}],"curies":[{"name":"wp","href":"https:\/\/api.w.org\/{rel}","templated":true}]}}