{"id":1203,"date":"2022-09-27T11:30:16","date_gmt":"2022-09-27T10:30:16","guid":{"rendered":"https:\/\/serendaliya.com\/?post_type=product&#038;p=1203"},"modified":"2023-03-28T06:55:16","modified_gmt":"2023-03-28T05:55:16","slug":"akma","status":"publish","type":"product","link":"https:\/\/serendaliya.com\/fr\/product\/akma\/","title":{"rendered":"Akma"},"content":{"rendered":"","protected":false},"excerpt":{"rendered":"<p><span style=\"font-weight: 400;\">D\u00e9cor\u00e9 de petites perles \u00e0 facettes en malachite sur une cha\u00eene Rombo en argent 925, ce pendentif en obsidienne oeil celeste pr\u00e9sentera des tons iris\u00e9s bleus, verts ou violets lorsqu&rsquo;il sera expos\u00e9 \u00e0 une lumi\u00e8re vive. Ferm\u00e9 avec deux petites perles de malachite \u00e0 facettes au niveau du fermoir, ce collier doit tomber sous\/autour de la clavicule.<\/span><\/p>\n<p><span style=\"font-weight: 400;\">Pour vous aider \u00e0 visualiser la longueur du collier (\u00e0 l&rsquo;exclusion de la longueur du pendentif), v\u00e9rifiez notre <\/span><a href=\"https:\/\/serendaliya.com\/guide-des-tailles\/\"><span style=\"font-weight: 400;\">guide des tailles.<\/span><\/a><\/p>\n<p><span style=\"font-weight: 400;\">Veuillez noter qu&rsquo;il s&rsquo;agit de pierres naturelles, chaque pierre est unique ; la couleur ou le ton peuvent l\u00e9g\u00e8rement varier par rapport \u00e0 ceux pr\u00e9sent\u00e9s sur les images.<\/span><\/p>\n","protected":false},"featured_media":1215,"comment_status":"open","ping_status":"closed","template":"","meta":{"neve_meta_sidebar":"","neve_meta_container":"contained","neve_meta_enable_content_width":"on","neve_meta_content_width":80,"neve_meta_title_alignment":"","neve_meta_author_avatar":"","neve_post_elements_order":"","neve_meta_disable_header":"","neve_meta_disable_footer":"","neve_meta_disable_title":"","_themeisle_gutenberg_block_has_review":false,"jetpack_publicize_message":"","jetpack_publicize_feature_enabled":true,"jetpack_social_post_already_shared":true,"jetpack_social_options":{"image_generator_settings":{"template":"highway","default_image_id":0,"font":"","enabled":false},"version":2}},"product_brand":[],"product_cat":[21],"product_tag":[],"class_list":{"0":"post-1203","1":"product","2":"type-product","3":"status-publish","4":"has-post-thumbnail","6":"product_cat-colliers","8":"first","9":"instock","10":"featured","11":"sold-individually","12":"shipping-taxable","13":"purchasable","14":"product-type-simple"},"aioseo_notices":[],"jetpack_publicize_connections":[],"jetpack_sharing_enabled":true,"_links":{"self":[{"href":"https:\/\/serendaliya.com\/fr\/wp-json\/wp\/v2\/product\/1203","targetHints":{"allow":["GET"]}}],"collection":[{"href":"https:\/\/serendaliya.com\/fr\/wp-json\/wp\/v2\/product"}],"about":[{"href":"https:\/\/serendaliya.com\/fr\/wp-json\/wp\/v2\/types\/product"}],"replies":[{"embeddable":true,"href":"https:\/\/serendaliya.com\/fr\/wp-json\/wp\/v2\/comments?post=1203"}],"wp:featuredmedia":[{"embeddable":true,"href":"https:\/\/serendaliya.com\/fr\/wp-json\/wp\/v2\/media\/1215"}],"wp:attachment":[{"href":"https:\/\/serendaliya.com\/fr\/wp-json\/wp\/v2\/media?parent=1203"}],"wp:term":[{"taxonomy":"product_brand","embeddable":true,"href":"https:\/\/serendaliya.com\/fr\/wp-json\/wp\/v2\/product_brand?post=1203"},{"taxonomy":"product_cat","embeddable":true,"href":"https:\/\/serendaliya.com\/fr\/wp-json\/wp\/v2\/product_cat?post=1203"},{"taxonomy":"product_tag","embeddable":true,"href":"https:\/\/serendaliya.com\/fr\/wp-json\/wp\/v2\/product_tag?post=1203"}],"curies":[{"name":"wp","href":"https:\/\/api.w.org\/{rel}","templated":true}]}}