{"id":1210,"date":"2022-09-27T15:53:17","date_gmt":"2022-09-27T14:53:17","guid":{"rendered":"https:\/\/serendaliya.com\/?post_type=product&#038;p=1210"},"modified":"2023-03-28T06:53:41","modified_gmt":"2023-03-28T05:53:41","slug":"arge","status":"publish","type":"product","link":"https:\/\/serendaliya.com\/fr\/product\/arge\/","title":{"rendered":"Arge"},"content":{"rendered":"","protected":false},"excerpt":{"rendered":"<p><span style=\"font-weight: 400;\">Ce collier en Y offre un large pendentif de rhodochrosite en forme de larme au bout d&rsquo;une unique cha\u00eenette en argent 925 compl\u00e9t\u00e9e par un cristal facett\u00e9, avec une longueur totale de 8 cm. Mont\u00e9 sur une cha\u00eene palmier en argent 925 de 45 cm et cl\u00f4tur\u00e9 au fermoir par des cristaux facett\u00e9s, ce pendentif devrait tomber autour du buste.<\/span><\/p>\n<p>Pour vous aider \u00e0 visualiser la longueur du collier (\u00e0 l\u2019exclusion de la longueur du pendentif), v\u00e9rifiez notre\u00a0<a href=\"https:\/\/serendaliya.com\/guide-des-tailles\/\">guide des tailles.<\/a><\/p>\n<p>Veuillez noter qu\u2019il s\u2019agit de pierres naturelles, chaque pierre est unique ; la couleur ou le ton peuvent l\u00e9g\u00e8rement varier par rapport \u00e0 ceux pr\u00e9sent\u00e9s sur les images.<\/p>\n","protected":false},"featured_media":1592,"comment_status":"open","ping_status":"closed","template":"","meta":{"neve_meta_sidebar":"","neve_meta_container":"contained","neve_meta_enable_content_width":"on","neve_meta_content_width":80,"neve_meta_title_alignment":"","neve_meta_author_avatar":"","neve_post_elements_order":"","neve_meta_disable_header":"","neve_meta_disable_footer":"","neve_meta_disable_title":"","_themeisle_gutenberg_block_has_review":false,"jetpack_publicize_message":"","jetpack_publicize_feature_enabled":true,"jetpack_social_post_already_shared":true,"jetpack_social_options":{"image_generator_settings":{"template":"highway","default_image_id":0,"font":"","enabled":false},"version":2}},"product_brand":[],"product_cat":[21],"product_tag":[],"class_list":{"0":"post-1210","1":"product","2":"type-product","3":"status-publish","4":"has-post-thumbnail","6":"product_cat-colliers","8":"first","9":"instock","10":"sold-individually","11":"shipping-taxable","12":"purchasable","13":"product-type-simple"},"aioseo_notices":[],"jetpack_publicize_connections":[],"jetpack_sharing_enabled":true,"_links":{"self":[{"href":"https:\/\/serendaliya.com\/fr\/wp-json\/wp\/v2\/product\/1210","targetHints":{"allow":["GET"]}}],"collection":[{"href":"https:\/\/serendaliya.com\/fr\/wp-json\/wp\/v2\/product"}],"about":[{"href":"https:\/\/serendaliya.com\/fr\/wp-json\/wp\/v2\/types\/product"}],"replies":[{"embeddable":true,"href":"https:\/\/serendaliya.com\/fr\/wp-json\/wp\/v2\/comments?post=1210"}],"wp:featuredmedia":[{"embeddable":true,"href":"https:\/\/serendaliya.com\/fr\/wp-json\/wp\/v2\/media\/1592"}],"wp:attachment":[{"href":"https:\/\/serendaliya.com\/fr\/wp-json\/wp\/v2\/media?parent=1210"}],"wp:term":[{"taxonomy":"product_brand","embeddable":true,"href":"https:\/\/serendaliya.com\/fr\/wp-json\/wp\/v2\/product_brand?post=1210"},{"taxonomy":"product_cat","embeddable":true,"href":"https:\/\/serendaliya.com\/fr\/wp-json\/wp\/v2\/product_cat?post=1210"},{"taxonomy":"product_tag","embeddable":true,"href":"https:\/\/serendaliya.com\/fr\/wp-json\/wp\/v2\/product_tag?post=1210"}],"curies":[{"name":"wp","href":"https:\/\/api.w.org\/{rel}","templated":true}]}}