{"id":759,"date":"2022-07-14T19:57:27","date_gmt":"2022-07-14T18:57:27","guid":{"rendered":"https:\/\/serendaliya.com\/?post_type=product&#038;p=759"},"modified":"2023-03-28T07:01:37","modified_gmt":"2023-03-28T06:01:37","slug":"pari","status":"publish","type":"product","link":"https:\/\/serendaliya.com\/fr\/product\/pari\/","title":{"rendered":"Pari"},"content":{"rendered":"","protected":false},"excerpt":{"rendered":"<p><span style=\"font-weight: 400;\">Ces morganites facett\u00e9es en forme de cylindres \u00e0 trois faces sont d\u00e9licatement assorties \u00e0 des perles plates en pierre de lune sur des puces d&rsquo;oreilles en argent 925. Des pierres rares pour un look unique !<\/span><\/p>\n<p>Ces boucles d\u2019oreilles en argent 925 sans nickel sont vendues par paire avec des poussoirs.<\/p>\n<p>Veuillez noter qu\u2019il s\u2019agit de pierres naturelles, chaque pierre est unique ; la couleur ou le ton peuvent l\u00e9g\u00e8rement varier par rapport \u00e0 ceux pr\u00e9sent\u00e9s sur les images.<\/p>\n","protected":false},"featured_media":886,"comment_status":"open","ping_status":"closed","template":"","meta":{"neve_meta_sidebar":"","neve_meta_container":"","neve_meta_enable_content_width":"on","neve_meta_content_width":80,"neve_meta_title_alignment":"","neve_meta_author_avatar":"","neve_post_elements_order":"","neve_meta_disable_header":"","neve_meta_disable_footer":"","neve_meta_disable_title":"","_themeisle_gutenberg_block_has_review":false,"jetpack_publicize_message":"","jetpack_publicize_feature_enabled":true,"jetpack_social_post_already_shared":false,"jetpack_social_options":{"image_generator_settings":{"template":"highway","default_image_id":0,"font":"","enabled":false},"version":2}},"product_brand":[],"product_cat":[18],"product_tag":[],"class_list":{"0":"post-759","1":"product","2":"type-product","3":"status-publish","4":"has-post-thumbnail","6":"product_cat-boucles-doreilles","8":"first","9":"instock","10":"sold-individually","11":"shipping-taxable","12":"purchasable","13":"product-type-simple"},"aioseo_notices":[],"jetpack_publicize_connections":[],"jetpack_sharing_enabled":true,"_links":{"self":[{"href":"https:\/\/serendaliya.com\/fr\/wp-json\/wp\/v2\/product\/759","targetHints":{"allow":["GET"]}}],"collection":[{"href":"https:\/\/serendaliya.com\/fr\/wp-json\/wp\/v2\/product"}],"about":[{"href":"https:\/\/serendaliya.com\/fr\/wp-json\/wp\/v2\/types\/product"}],"replies":[{"embeddable":true,"href":"https:\/\/serendaliya.com\/fr\/wp-json\/wp\/v2\/comments?post=759"}],"wp:featuredmedia":[{"embeddable":true,"href":"https:\/\/serendaliya.com\/fr\/wp-json\/wp\/v2\/media\/886"}],"wp:attachment":[{"href":"https:\/\/serendaliya.com\/fr\/wp-json\/wp\/v2\/media?parent=759"}],"wp:term":[{"taxonomy":"product_brand","embeddable":true,"href":"https:\/\/serendaliya.com\/fr\/wp-json\/wp\/v2\/product_brand?post=759"},{"taxonomy":"product_cat","embeddable":true,"href":"https:\/\/serendaliya.com\/fr\/wp-json\/wp\/v2\/product_cat?post=759"},{"taxonomy":"product_tag","embeddable":true,"href":"https:\/\/serendaliya.com\/fr\/wp-json\/wp\/v2\/product_tag?post=759"}],"curies":[{"name":"wp","href":"https:\/\/api.w.org\/{rel}","templated":true}]}}