{"id":952,"date":"2022-08-02T15:06:50","date_gmt":"2022-08-02T14:06:50","guid":{"rendered":"https:\/\/serendaliya.com\/?post_type=product&#038;p=952"},"modified":"2023-06-28T13:35:04","modified_gmt":"2023-06-28T12:35:04","slug":"kora","status":"publish","type":"product","link":"https:\/\/serendaliya.com\/fr\/product\/kora\/","title":{"rendered":"Kora"},"content":{"rendered":"","protected":false},"excerpt":{"rendered":"<p><span style=\"font-weight: 400;\">Assembl\u00e9 sur un fil d&rsquo;acier inoxydable rev\u00eatu de nylon, ce bracelet se compose de d\u00e9licates plaquettes de corail fossilis\u00e9 intercal\u00e9es avec des perles de grenat rondes et allong\u00e9es. Ferm\u00e9 par un fermoir en argent 925, vous avez le choix entre trois tailles &#8211; 18, 19 et 20,5 cm &#8211; attention \u00e0 la diff\u00e9rence de design comme illustr\u00e9 sur les photos.<\/span><\/p>\n<p>Pour savoir comment choisir la taille de votre bracelet, consultez notre\u00a0<a href=\"https:\/\/serendaliya.com\/guide-des-tailles\/\">guide des tailles.<\/a><\/p>\n<p>Veuillez noter qu\u2019il s\u2019agit de pierres naturelles, chaque pierre est unique ; la couleur ou le ton peuvent l\u00e9g\u00e8rement varier par rapport \u00e0 ceux pr\u00e9sent\u00e9s sur les images.<\/p>\n","protected":false},"featured_media":965,"comment_status":"open","ping_status":"closed","template":"","meta":{"neve_meta_sidebar":"","neve_meta_container":"contained","neve_meta_enable_content_width":"on","neve_meta_content_width":80,"neve_meta_title_alignment":"","neve_meta_author_avatar":"","neve_post_elements_order":"","neve_meta_disable_header":"","neve_meta_disable_footer":"","neve_meta_disable_title":"","_themeisle_gutenberg_block_has_review":false,"jetpack_publicize_message":"","jetpack_publicize_feature_enabled":true,"jetpack_social_post_already_shared":true,"jetpack_social_options":{"image_generator_settings":{"template":"highway","default_image_id":0,"font":"","enabled":false},"version":2}},"product_brand":[],"product_cat":[17],"product_tag":[],"class_list":{"0":"post-952","1":"product","2":"type-product","3":"status-publish","4":"has-post-thumbnail","6":"product_cat-bracelets","8":"first","9":"instock","10":"sold-individually","11":"shipping-taxable","12":"purchasable","13":"product-type-variable"},"aioseo_notices":[],"jetpack_publicize_connections":[],"jetpack_sharing_enabled":true,"_links":{"self":[{"href":"https:\/\/serendaliya.com\/fr\/wp-json\/wp\/v2\/product\/952","targetHints":{"allow":["GET"]}}],"collection":[{"href":"https:\/\/serendaliya.com\/fr\/wp-json\/wp\/v2\/product"}],"about":[{"href":"https:\/\/serendaliya.com\/fr\/wp-json\/wp\/v2\/types\/product"}],"replies":[{"embeddable":true,"href":"https:\/\/serendaliya.com\/fr\/wp-json\/wp\/v2\/comments?post=952"}],"wp:featuredmedia":[{"embeddable":true,"href":"https:\/\/serendaliya.com\/fr\/wp-json\/wp\/v2\/media\/965"}],"wp:attachment":[{"href":"https:\/\/serendaliya.com\/fr\/wp-json\/wp\/v2\/media?parent=952"}],"wp:term":[{"taxonomy":"product_brand","embeddable":true,"href":"https:\/\/serendaliya.com\/fr\/wp-json\/wp\/v2\/product_brand?post=952"},{"taxonomy":"product_cat","embeddable":true,"href":"https:\/\/serendaliya.com\/fr\/wp-json\/wp\/v2\/product_cat?post=952"},{"taxonomy":"product_tag","embeddable":true,"href":"https:\/\/serendaliya.com\/fr\/wp-json\/wp\/v2\/product_tag?post=952"}],"curies":[{"name":"wp","href":"https:\/\/api.w.org\/{rel}","templated":true}]}}